{"id":2479,"date":"2020-12-07T16:47:32","date_gmt":"2020-12-07T13:47:32","guid":{"rendered":"https:\/\/www.drhakanbulam.com\/deu\/?page_id=2479"},"modified":"2021-12-15T13:03:15","modified_gmt":"2021-12-15T10:03:15","slug":"brustvergrosserungsasthetik-mit-fettinketion","status":"publish","type":"page","link":"https:\/\/www.drhakanbulam.com\/deu\/brustvergrosserungsasthetik-mit-fettinketion\/","title":{"rendered":"BRUSTVERGR\u00d6\u00dfERUNGS\u00c4STHETIK MIT FETTINKETION"},"content":{"rendered":"","protected":false},"excerpt":{"rendered":"","protected":false},"author":1,"featured_media":0,"parent":0,"menu_order":0,"comment_status":"closed","ping_status":"closed","template":"","meta":[],"_links":{"self":[{"href":"https:\/\/www.drhakanbulam.com\/deu\/wp-json\/wp\/v2\/pages\/2479"}],"collection":[{"href":"https:\/\/www.drhakanbulam.com\/deu\/wp-json\/wp\/v2\/pages"}],"about":[{"href":"https:\/\/www.drhakanbulam.com\/deu\/wp-json\/wp\/v2\/types\/page"}],"author":[{"embeddable":true,"href":"https:\/\/www.drhakanbulam.com\/deu\/wp-json\/wp\/v2\/users\/1"}],"replies":[{"embeddable":true,"href":"https:\/\/www.drhakanbulam.com\/deu\/wp-json\/wp\/v2\/comments?post=2479"}],"version-history":[{"count":2,"href":"https:\/\/www.drhakanbulam.com\/deu\/wp-json\/wp\/v2\/pages\/2479\/revisions"}],"predecessor-version":[{"id":2648,"href":"https:\/\/www.drhakanbulam.com\/deu\/wp-json\/wp\/v2\/pages\/2479\/revisions\/2648"}],"wp:attachment":[{"href":"https:\/\/www.drhakanbulam.com\/deu\/wp-json\/wp\/v2\/media?parent=2479"}],"curies":[{"name":"wp","href":"https:\/\/api.w.org\/{rel}","templated":true}]}}